{"id":647,"date":"2021-09-17T10:00:00","date_gmt":"2021-09-17T10:00:00","guid":{"rendered":"http:\/\/tiempolibregdl.com\/?page_id=647"},"modified":"2021-09-17T13:56:41","modified_gmt":"2021-09-17T13:56:41","slug":"nominaciones-arieles-2021","status":"publish","type":"page","link":"https:\/\/tiempolibregdl.com\/index.php\/nominaciones-arieles-2021\/","title":{"rendered":"Nominaciones Arieles 2021"},"content":{"rendered":"\n<figure class=\"wp-block-image size-large\"><img loading=\"lazy\" width=\"752\" height=\"432\" src=\"https:\/\/tiempolibregdl.com\/wp-content\/uploads\/2021\/09\/Conoce-a-los-nominados-a-los-Premios-Ariel-2021.jpg\" alt=\"\" class=\"wp-image-648\" srcset=\"https:\/\/tiempolibregdl.com\/wp-content\/uploads\/2021\/09\/Conoce-a-los-nominados-a-los-Premios-Ariel-2021.jpg 752w, https:\/\/tiempolibregdl.com\/wp-content\/uploads\/2021\/09\/Conoce-a-los-nominados-a-los-Premios-Ariel-2021-300x172.jpg 300w\" sizes=\"(max-width: 706px) 89vw, (max-width: 767px) 82vw, 740px\" \/><\/figure>\n\n\n\n<p>Este <strong>25 de septiembre<\/strong> ser\u00e1 la ceremonia 63\u00ba de los aclamados premios de&nbsp;la <strong>Academia Mexicana de Artes y Ciencias Cinematogr\u00e1ficas<\/strong>, conocidos como los Arieles y al estar a una semana de la presentaci\u00f3n en <em><strong>Tiempo Libre GDL<\/strong><\/em> te traemos todas las categor\u00edas y sus nominados.<\/p>\n\n\n\n<p>Los Nominados en sus 25 categor\u00edas son:&nbsp;<\/p>\n\n\n\n<p><strong>MEJOR PEL\u00cdCULA<\/strong><\/p>\n\n\n\n<p><strong><em>El baile de los 41&nbsp;<\/em><\/strong><\/p>\n\n\n\n<p><strong><em>Las tres muertes de Marisela Escobedo<\/em><\/strong><\/p>\n\n\n\n<p><strong><em>Los lobos<\/em><\/strong><\/p>\n\n\n\n<p><strong><em>Selva tr\u00e1gica<\/em><\/strong><\/p>\n\n\n\n<p><strong><em>Sin se\u00f1as particulares<\/em><\/strong><\/p>\n\n\n\n<p><strong>DIRECCI\u00d3N<\/strong><\/p>\n\n\n\n<p><strong><em>Las tres muertes de Marisela Escobedo<\/em><\/strong>&nbsp;\/ Carlos P\u00e9rez Osorio&nbsp;<\/p>\n\n\n\n<p><strong><em>El baile de los 41<\/em><\/strong>&nbsp;\/&nbsp;David Pablos<\/p>\n\n\n\n<p><strong><em>Sin se\u00f1as particulares<\/em><\/strong>&nbsp;\/ Fernanda Valadez<\/p>\n\n\n\n<p><strong><em>Los lobos<\/em><\/strong>&nbsp;\/ Samuel Kishi Leopo<\/p>\n\n\n\n<p><strong><em>Selva oscura<\/em><\/strong>&nbsp;\/ Yulene Olaizola<strong><em><\/em><\/strong><\/p>\n\n\n\n<figure class=\"wp-block-image size-large\"><img loading=\"lazy\" width=\"900\" height=\"491\" src=\"https:\/\/tiempolibregdl.com\/wp-content\/uploads\/2021\/09\/Los-lobos-estreno-Mexico-1-900x491-1.jpg\" alt=\"\" class=\"wp-image-649\" srcset=\"https:\/\/tiempolibregdl.com\/wp-content\/uploads\/2021\/09\/Los-lobos-estreno-Mexico-1-900x491-1.jpg 900w, https:\/\/tiempolibregdl.com\/wp-content\/uploads\/2021\/09\/Los-lobos-estreno-Mexico-1-900x491-1-300x164.jpg 300w, https:\/\/tiempolibregdl.com\/wp-content\/uploads\/2021\/09\/Los-lobos-estreno-Mexico-1-900x491-1-768x419.jpg 768w\" sizes=\"(max-width: 767px) 89vw, (max-width: 1000px) 54vw, (max-width: 1071px) 543px, 580px\" \/><figcaption>Los Lobos (2019, Samuel Kishi Leopo)<\/figcaption><\/figure>\n\n\n\n<p><strong>LARGOMETRAJE DOCUMENTAL<\/strong><\/p>\n\n\n\n<p><strong><em>Cosas que no hacemos<\/em><\/strong><em>&nbsp;<\/em>\/ Bruno Santamar\u00eda Razo<\/p>\n\n\n\n<p><strong><em>La vocera<\/em><\/strong><em>&nbsp;<\/em>\/ Luciana Kaplan<\/p>\n\n\n\n<p><strong><em>Las tres muertes de Marisela Escobedo<\/em><\/strong><em>&nbsp;<\/em>\/ Carlos P\u00e9rez Osorio<\/p>\n\n\n\n<p><strong><em>Volverte a ver<\/em><\/strong><em>&nbsp;<\/em>\/ Carolina Corral Paredes<\/p>\n\n\n\n<p><strong><em>Yermo<\/em><\/strong><em>&nbsp;<\/em>\/ Everardo Gonz\u00e1lez<\/p>\n\n\n\n<p><strong>LARGOMETRAJE ANIMACI\u00d3N<\/strong><\/p>\n\n\n\n<p><strong><em>Escuela de miedo<\/em><\/strong><em>&nbsp;<\/em>\/ Leopoldo Aguilar<\/p>\n\n\n\n<p><strong><em>La liga de los 5<\/em><\/strong><em>&nbsp;<\/em>\/ Marvick Eduardo N\u00fa\u00f1ez<\/p>\n\n\n\n<p><strong><em>Un disfraz para Nicol\u00e1s<\/em><\/strong><em>&nbsp;<\/em>\/ Eduardo Rivero<\/p>\n\n\n\n<p><strong>ACTOR<\/strong><\/p>\n\n\n\n<p>Alfonso Herrera \/&nbsp;<strong><em>El baile de los 41<\/em><\/strong><\/p>\n\n\n\n<p>Armando Espitia \/&nbsp;<strong><em>Te llevo conmigo<\/em><\/strong><\/p>\n\n\n\n<p>Demi\u00e1n Bichir \/&nbsp;<strong><em>Danyka<\/em><\/strong><\/p>\n\n\n\n<p>Fernando Cuautle \/&nbsp;<strong><em>Nuevo orden<\/em><\/strong><\/p>\n\n\n\n<p>Juan Pablo Medina \/&nbsp;<strong><em>El club de los idealistas<\/em><\/strong><\/p>\n\n\n\n<p>L\u00e1zaro Gabino Rodr\u00edguez \/&nbsp;<strong><em>Fauna<\/em><\/strong><\/p>\n\n\n\n<figure class=\"wp-block-image\"><img src=\"https:\/\/pics.filmaffinity.com\/La_vocera-568284230-large.jpg\" alt=\"La vocera (2020) - Filmaffinity\"\/><figcaption>P\u00f3ster La Vocera (2020, Luciana Kaplan)<\/figcaption><\/figure>\n\n\n\n<p><strong>ACTRIZ<\/strong><\/p>\n\n\n\n<p>Mabel Cadena \/&nbsp;<strong><em>El baile de los 41<\/em><\/strong><\/p>\n\n\n\n<p>Martha Reyes Arias \/&nbsp;<strong><em>Los lobos<\/em><\/strong><\/p>\n\n\n\n<p>Mercedes Hern\u00e1ndez \/&nbsp;<strong><em>Sin se\u00f1as particulares<\/em><\/strong><\/p>\n\n\n\n<p>M\u00f3nica del Carmen \/&nbsp;<strong><em>Nuevo orden<\/em><\/strong><\/p>\n\n\n\n<p>Naian Gonz\u00e1lez Norvind \/&nbsp;<strong><em>Leona<\/em><\/strong><\/p>\n\n\n\n<p><strong>\u00d3PERA PRIMA<\/strong><\/p>\n\n\n\n<p><strong><em>Las tres muertes de Marisela Escobedo<\/em><\/strong>&nbsp;\/ Carlos P\u00e9rez Osorio<\/p>\n\n\n\n<p><strong><em>Leona<\/em><\/strong><em>&nbsp;<\/em>\/ Isaac Cherem<\/p>\n\n\n\n<p><strong><em>OK, est\u00e1 bien\u2026<\/em><\/strong><em>&nbsp;<\/em>\/ Gabriela Ivette Sandoval<\/p>\n\n\n\n<p><strong><em>Sin se\u00f1as particulares<\/em><\/strong><em>&nbsp;<\/em>\/ Fernanda Valadez<\/p>\n\n\n\n<p><strong><em>Volverte a ver<\/em><\/strong><em>&nbsp;<\/em>\/ Carolina Corral Paredes<\/p>\n\n\n\n<p><strong>COACTUACI\u00d3N MASCULINA<\/strong><\/p>\n\n\n\n<p>Christian V\u00e1zquez \/&nbsp;<strong><em>Te llevo conmigo<\/em><\/strong><\/p>\n\n\n\n<p>David Illescas \/&nbsp;<strong><em>Sin se\u00f1as particulares<\/em><\/strong><\/p>\n\n\n\n<p>Eligio Mel\u00e9ndez \/&nbsp;<strong><em>Nuevo orden<\/em><\/strong><\/p>\n\n\n\n<p>Emiliano Zurita \/&nbsp;<strong><em>El baile de los 41<\/em><\/strong><\/p>\n\n\n\n<p>L\u00e1zaro Gabino Rodr\u00edguez \/&nbsp;<strong><em>Selva oscura<\/em><\/strong><\/p>\n\n\n\n<p><strong>COACTUACI\u00d3N FEMENINA<\/strong><\/p>\n\n\n\n<p>Carolina Politi \/&nbsp;<strong><em>Leona<\/em><\/strong><\/p>\n\n\n\n<p>Cici Lau \/&nbsp;<strong><em>Los lobos<\/em><\/strong><\/p>\n\n\n\n<p>Margarita Sanz \/&nbsp;<strong><em>Leona<\/em><\/strong><\/p>\n\n\n\n<p>Michelle Rodr\u00edguez \/<strong><em>Te llevo conmigo<\/em><\/strong><\/p>\n\n\n\n<p>Nailea Norvind \/&nbsp;<strong><em>El club de los idealistas<\/em><\/strong><\/p>\n\n\n\n<figure class=\"wp-block-image size-large\"><img loading=\"lazy\" width=\"958\" height=\"596\" src=\"https:\/\/tiempolibregdl.com\/wp-content\/uploads\/2021\/09\/Las-tres-muertes-de-Marisela-Escobedo.jpg\" alt=\"\" class=\"wp-image-650\" srcset=\"https:\/\/tiempolibregdl.com\/wp-content\/uploads\/2021\/09\/Las-tres-muertes-de-Marisela-Escobedo.jpg 958w, https:\/\/tiempolibregdl.com\/wp-content\/uploads\/2021\/09\/Las-tres-muertes-de-Marisela-Escobedo-300x187.jpg 300w, https:\/\/tiempolibregdl.com\/wp-content\/uploads\/2021\/09\/Las-tres-muertes-de-Marisela-Escobedo-768x478.jpg 768w\" sizes=\"(max-width: 767px) 89vw, (max-width: 1000px) 54vw, (max-width: 1071px) 543px, 580px\" \/><figcaption>Las tres muertes de Marisela Escobedo (2020, Carlos P\u00e9rez Osorio)<\/figcaption><\/figure>\n\n\n\n<p><strong>GUI\u00d3N ADAPTADO<\/strong><\/p>\n\n\n\n<p><strong><em>Perdida<\/em><\/strong>&nbsp;\/ Anton Goenechea<\/p>\n\n\n\n<p><strong><em>El gallinero<\/em><\/strong>&nbsp;\/ Fabi\u00e1n Ibarra Alema\u00f1y<\/p>\n\n\n\n<p><strong><em>Un disfraz para Nicol\u00e1s<\/em><\/strong>&nbsp;\/ Miguel \u00c1ngel Uriegas Flores<\/p>\n\n\n\n<p><strong>GUI\u00d3N ORIGINAL<\/strong><\/p>\n\n\n\n<p><strong><em>Las tres muertes de Marisela Escobedo<\/em><\/strong>&nbsp;\/ Carlos P\u00e9rez Osorio<\/p>\n\n\n\n<p><strong><em>Sin se\u00f1as particulares<\/em><\/strong>&nbsp;\/ Fernanda Valadez, Astrid Rondero&nbsp;<\/p>\n\n\n\n<p><strong><em>Leona<\/em><\/strong>&nbsp;\/ Isaac Cherem, Naian Gonz\u00e1lez Norvind&nbsp;<\/p>\n\n\n\n<p><strong><em>Los lobos<\/em><\/strong>&nbsp;\/ Samuel Kishi Leopo, Sof\u00eda G\u00f3mez C\u00f3rdoba, Jos\u00e9 Luis Briones Mac\u00edas<\/p>\n\n\n\n<p><strong><em>Selva tr\u00e1gica<\/em><\/strong>&nbsp;\/ Yulene Olaizola, Rub\u00e9n Imaz Castro<\/p>\n\n\n\n<p><strong>FOTOGRAF\u00cdA<\/strong><\/p>\n\n\n\n<p><strong><em>El baile de los 41&nbsp;<\/em><\/strong>\/ Carolina Costa AMC<\/p>\n\n\n\n<p><strong><em>Sin se\u00f1as particulares&nbsp;<\/em><\/strong>\/ Claudia Becerril Bulos&nbsp;<\/p>\n\n\n\n<p><strong><em>Yermo<\/em><\/strong>&nbsp;\/Everardo Gonz\u00e1lez&nbsp;&nbsp;<\/p>\n\n\n\n<p><strong><em>Los lobos<\/em><\/strong>&nbsp;\/ Jorge Octavio Arauz G\u00f3mez&nbsp;<\/p>\n\n\n\n<p><strong><em>Selva tr\u00e1gica&nbsp;<\/em><\/strong>&nbsp;\/ Sof\u00eda Oggioni&nbsp;&nbsp;<\/p>\n\n\n\n<figure class=\"wp-block-image size-large\"><img loading=\"lazy\" width=\"813\" height=\"535\" src=\"https:\/\/tiempolibregdl.com\/wp-content\/uploads\/2021\/09\/Captura-de-Pantalla-2021-08-02-a-las-10.08.17-1132x670-2.png\" alt=\"\" class=\"wp-image-654\" srcset=\"https:\/\/tiempolibregdl.com\/wp-content\/uploads\/2021\/09\/Captura-de-Pantalla-2021-08-02-a-las-10.08.17-1132x670-2.png 813w, https:\/\/tiempolibregdl.com\/wp-content\/uploads\/2021\/09\/Captura-de-Pantalla-2021-08-02-a-las-10.08.17-1132x670-2-300x197.png 300w, https:\/\/tiempolibregdl.com\/wp-content\/uploads\/2021\/09\/Captura-de-Pantalla-2021-08-02-a-las-10.08.17-1132x670-2-768x505.png 768w\" sizes=\"(max-width: 767px) 89vw, (max-width: 1000px) 54vw, (max-width: 1071px) 543px, 580px\" \/><figcaption>Sin se\u00f1as particulares (2020, Fernanda Valadez, Astrid Rondero)<\/figcaption><\/figure>\n\n\n\n<p><strong>CORTOMETRAJE DE ANIMACI\u00d3N<\/strong><\/p>\n\n\n\n<p><em><strong>A la cabeza<\/strong><\/em><strong>&nbsp;<\/strong>\/ Andrea Santiago<\/p>\n\n\n\n<p><strong><em>El desfile de los ausentes<\/em><\/strong>&nbsp;\/ Marcos Almada Rivero<\/p>\n\n\n\n<p><strong><em>La casa de la memoria<\/em><\/strong><em>&nbsp;<\/em>\/ Sof\u00eda Rosales Arreola<\/p>\n\n\n\n<p><strong><em>Un juguete de madera so\u00f1\u00f3 con barcos de papel<\/em><\/strong><em>&nbsp;<\/em>\/ Mauricio Hern\u00e1ndez Serrano<\/p>\n\n\n\n<p><strong><em>Un peluche espacial<\/em><\/strong><em>&nbsp;<\/em>\/ Jes\u00fas Sebasti\u00e1n Jaime Oviedo<\/p>\n\n\n\n<p><strong>CORTOMETRAJE DOCUMENTAL<\/strong><\/p>\n\n\n\n<p><strong><em>Boca de culebra<\/em><\/strong>&nbsp;\/ Adriana Otero Puerto<\/p>\n\n\n\n<p><strong><em>Est\u00e1n en alg\u00fan sitio<\/em><\/strong><em>&nbsp;<\/em>\/ Pablo Tamez Sierra<\/p>\n\n\n\n<p><strong><em>La felicidad en la que vivo<\/em><\/strong><em>&nbsp;<\/em>\/ Carlos Morales<\/p>\n\n\n\n<p><strong><em>No ser\u00e9 la vida de mi recuerdo<\/em><\/strong><em>&nbsp;<\/em>\/ Isabela Ripoll<\/p>\n\n\n\n<p><strong><em>Tu\u2019un Savi<\/em><\/strong><em>&nbsp;<\/em>\/ Uriel L\u00f3pez Espa\u00f1a<\/p>\n\n\n\n<p><strong>CORTOMETRAJE DE FICCI\u00d3N<\/strong><\/p>\n\n\n\n<p><strong><em>Arreglo napolitano<\/em><\/strong><em>&nbsp;<\/em>\/ Rodrigo Ruiz Patterson<\/p>\n\n\n\n<p><strong><em>Asoleadas<\/em><\/strong><em>&nbsp;<\/em>\/ Nadia Ayala Tabachnik<\/p>\n\n\n\n<p><strong><em>Bisho<\/em><\/strong><em>&nbsp;<\/em>\/ Pablo Giles<\/p>\n\n\n\n<p><strong><em>El d\u00eda comenz\u00f3 ayer<\/em><\/strong><em>&nbsp;<\/em>\/ Juli\u00e1n Hern\u00e1ndez<\/p>\n\n\n\n<p><strong><em>Wheels<\/em><\/strong><em>&nbsp;<\/em>\/ Roberto Fiesco<\/p>\n\n\n\n<figure class=\"wp-block-image size-large\"><img loading=\"lazy\" width=\"1024\" height=\"431\" src=\"https:\/\/tiempolibregdl.com\/wp-content\/uploads\/2021\/09\/file_1581979205_wTdTPdI39T-j7-1024x431.jpg\" alt=\"\" class=\"wp-image-653\" srcset=\"https:\/\/tiempolibregdl.com\/wp-content\/uploads\/2021\/09\/file_1581979205_wTdTPdI39T-j7-1024x431.jpg 1024w, https:\/\/tiempolibregdl.com\/wp-content\/uploads\/2021\/09\/file_1581979205_wTdTPdI39T-j7-300x126.jpg 300w, https:\/\/tiempolibregdl.com\/wp-content\/uploads\/2021\/09\/file_1581979205_wTdTPdI39T-j7-768x323.jpg 768w, https:\/\/tiempolibregdl.com\/wp-content\/uploads\/2021\/09\/file_1581979205_wTdTPdI39T-j7.jpg 1440w\" sizes=\"(max-width: 767px) 89vw, (max-width: 1000px) 54vw, (max-width: 1071px) 543px, 580px\" \/><figcaption>A la cabeza (2020, Andrea Santiago)<\/figcaption><\/figure>\n\n\n\n<p><strong>DISE\u00d1O DE ARTE<\/strong><\/p>\n\n\n\n<p><strong><em>Nuevo orden<\/em><\/strong>&nbsp;\/ Claudio Ram\u00edrez Castelli&nbsp;<\/p>\n\n\n\n<p><strong><em>Sin se\u00f1as particulares<\/em><\/strong>&nbsp;\/ Dalia Reyes&nbsp;<\/p>\n\n\n\n<p><strong><em>El baile de los 41&nbsp;<\/em><\/strong>\/ Daniela Schneider<\/p>\n\n\n\n<p><strong><em>Los lobos<\/em><\/strong>&nbsp;\/ Hania Robledo&nbsp;<\/p>\n\n\n\n<p><strong><em>Te llevo conmigo<\/em><\/strong>&nbsp;\/ Sandra Cabriada&nbsp;<\/p>\n\n\n\n<p><strong>EDICI\u00d3N<\/strong><\/p>\n\n\n\n<p><strong><em>Cosas que no hacemos<\/em><\/strong>&nbsp;&nbsp;\/&nbsp;Andrea Rabasa Jofre, Bruno Santamar\u00eda Razo<\/p>\n\n\n\n<p><strong><em>Sin se\u00f1as particulares<\/em><\/strong>&nbsp;\/Fernanda Valadez, Astrid Rondero, Susan Korda&nbsp;<\/p>\n\n\n\n<p><strong><em>Nuevo orden<\/em><\/strong>&nbsp;\/ \u00d3scar Figueroa Jara, Michel Franco&nbsp;<\/p>\n\n\n\n<p><strong><em>Las tres muertes de Marisela Escobedo<\/em><\/strong>&nbsp;\/ Ricardo Poery&nbsp;&nbsp;<\/p>\n\n\n\n<p><strong><em>La vocera<\/em><\/strong>&nbsp;\/ Valentina Leduc, Luciana Kaplan&nbsp;<\/p>\n\n\n\n<p><strong><em>Los lobos<\/em><\/strong>&nbsp;\/ Yordi Cap\u00f3, Carlos Espinosa Ben\u00edtez, Samuel Kishi Leopo&nbsp;&nbsp;<\/p>\n\n\n\n<p><strong>EFECTOS ESPECIALES<\/strong><\/p>\n\n\n\n<p><strong><em>Sin se\u00f1as particulares<\/em><\/strong>&nbsp;\/&nbsp;Jos\u00e9 \u00c1ngel Cordero, Jos\u00e9 Mart\u00ednez \u00abJosh\u00bb&nbsp;<\/p>\n\n\n\n<p><strong><em>Selva tr\u00e1gica<\/em><\/strong>&nbsp;\/&nbsp;Jos\u00e9 Mart\u00ednez, Brenda Almontes Pe\u00f1a, Pabo Vinos&nbsp;<\/p>\n\n\n\n<p><strong><em>El baile de los 41<\/em><\/strong>&nbsp;\/Ricardo Arvizu&nbsp;&nbsp;<\/p>\n\n\n\n<p><strong><em>Nuevo orden<\/em><\/strong>&nbsp;\/ Ricardo Arvizu<\/p>\n\n\n\n<p><em><strong>Yo, Fausto<\/strong><\/em>&nbsp;\/ Yoshiro Hern\u00e1ndez&nbsp;<\/p>\n\n\n\n<figure class=\"wp-block-image size-large\"><img loading=\"lazy\" width=\"925\" height=\"521\" src=\"https:\/\/tiempolibregdl.com\/wp-content\/uploads\/2021\/09\/f925x521-370525_439389_4121-2-1.jpeg\" alt=\"\" class=\"wp-image-656\" srcset=\"https:\/\/tiempolibregdl.com\/wp-content\/uploads\/2021\/09\/f925x521-370525_439389_4121-2-1.jpeg 925w, https:\/\/tiempolibregdl.com\/wp-content\/uploads\/2021\/09\/f925x521-370525_439389_4121-2-1-300x169.jpeg 300w, https:\/\/tiempolibregdl.com\/wp-content\/uploads\/2021\/09\/f925x521-370525_439389_4121-2-1-768x433.jpeg 768w\" sizes=\"(max-width: 767px) 89vw, (max-width: 1000px) 54vw, (max-width: 1071px) 543px, 580px\" \/><figcaption><em>El Baile de los 41 (2020, David Pablos)<\/em><\/figcaption><\/figure>\n\n\n\n<p><strong>EFECTOS VISUALES<\/strong><\/p>\n\n\n\n<p><strong><em>El baile de los 41<\/em><\/strong>&nbsp;\/&nbsp;Alma Cebri\u00e1n, John Castro&nbsp;<\/p>\n\n\n\n<p><strong><em>Sin se\u00f1as particulares<\/em><\/strong>&nbsp;\/&nbsp;Dar\u00edo Basile, Curro Mu\u00f1oz, Lara G\u00f3mez del Pulgar, Mario Lucero Recio, Carlos Claramunt Terol, Jaime Rafael Fuerte, Pablo Lamosa Barros, Ricardo G.&nbsp; Elipe, Antonio Ramos Ramos&nbsp;<\/p>\n\n\n\n<p><strong><em>Cuidado con lo que deseas<\/em><\/strong>&nbsp;\/&nbsp;Ernesto Pe\u00f1aloza, Marco Rodr\u00edguez, F\u00e9lix Bueno, Ma. Rosa Fust\u00e9<\/p>\n\n\n\n<p><strong><em>Nuevo orden<\/em><\/strong>&nbsp;\/&nbsp;Hughes Namur, Edgardo Mej\u00eda&nbsp;<\/p>\n\n\n\n<p><strong><em>Selva tr\u00e1gica<\/em><\/strong>&nbsp;\/&nbsp;Javier Vel\u00e1zquez Dorantes, Gustavo Bell\u00f3n Rebolledo, Benoit Mannequin&nbsp;<\/p>\n\n\n\n<p><strong>VESTUARIO<\/strong><\/p>\n\n\n\n<p><strong><em>Nuevo orden<\/em><\/strong>&nbsp;\/ Gabriela Fern\u00e1ndez&nbsp;&nbsp;<\/p>\n\n\n\n<p><strong><em>El baile de los 41&nbsp;<\/em><\/strong>\/&nbsp;Kika Lopes&nbsp;<\/p>\n\n\n\n<p><strong><em>Los lobos<\/em><\/strong>&nbsp;\/ Nohemi Gonz\u00e1lez&nbsp;&nbsp;<\/p>\n\n\n\n<p><strong><em>Selva tr\u00e1gica<\/em><\/strong>&nbsp;\/ Samuel Conde&nbsp;<\/p>\n\n\n\n<p><strong><em>Leona<\/em><\/strong>&nbsp;\/ XImena Guzm\u00e1n&nbsp;<\/p>\n\n\n\n<p><strong>MAQUILLAJE<\/strong><\/p>\n\n\n\n<p><strong><em>Nuevo orden<\/em><\/strong>&nbsp;\/&nbsp;Adam Zoller&nbsp;<\/p>\n\n\n\n<p><strong><em>El baile de los 41&nbsp;<\/em><\/strong>\/&nbsp;Alfredo \u00abTigre\u00bb Mora&nbsp;<\/p>\n\n\n\n<p><strong><em>Selva tr\u00e1gica<\/em><\/strong>&nbsp;\/ Gerardo Mu\u00f1oz&nbsp;<\/p>\n\n\n\n<p><strong><em>Sin se\u00f1as particulares<\/em><\/strong>&nbsp;\/ Neftal\u00ed Zamora, Tania Larizza Guzm\u00e1n&nbsp;&nbsp;<\/p>\n\n\n\n<p><strong><em>Rencor tatuado<\/em><\/strong>&nbsp;\/&nbsp;Vladimir Amok&nbsp;<\/p>\n\n\n\n<figure class=\"wp-block-image size-large\"><img loading=\"lazy\" width=\"1024\" height=\"576\" src=\"https:\/\/tiempolibregdl.com\/wp-content\/uploads\/2021\/09\/Selva-tragica-Netflix-1024x576.jpg\" alt=\"\" class=\"wp-image-657\" srcset=\"https:\/\/tiempolibregdl.com\/wp-content\/uploads\/2021\/09\/Selva-tragica-Netflix-1024x576.jpg 1024w, https:\/\/tiempolibregdl.com\/wp-content\/uploads\/2021\/09\/Selva-tragica-Netflix-300x169.jpg 300w, https:\/\/tiempolibregdl.com\/wp-content\/uploads\/2021\/09\/Selva-tragica-Netflix-768x432.jpg 768w, https:\/\/tiempolibregdl.com\/wp-content\/uploads\/2021\/09\/Selva-tragica-Netflix.jpg 1280w\" sizes=\"(max-width: 767px) 89vw, (max-width: 1000px) 54vw, (max-width: 1071px) 543px, 580px\" \/><figcaption>Selva Tr\u00e1gica (202, Yulene Olaizola)<\/figcaption><\/figure>\n\n\n\n<p><strong>M\u00daSICA ORIGINAL<\/strong><\/p>\n\n\n\n<p><strong><em>Selva tr\u00e1gica<\/em><\/strong>&nbsp;\/ Alejandro Otaola&nbsp;<\/p>\n\n\n\n<p><strong><em>El baile de los 41&nbsp;<\/em><\/strong>\/ Carlo Ayhll\u00f3n, Andrea Balency-B\u00e9arn&nbsp;<\/p>\n\n\n\n<p><strong><em>Sin se\u00f1as particulares<\/em><\/strong>&nbsp;Clarice Jensen&nbsp;&nbsp;<\/p>\n\n\n\n<p><strong><em>Leona<\/em><\/strong>&nbsp;Jacobo Lieberman&nbsp;<\/p>\n\n\n\n<p><strong><em>Los lobos<\/em><\/strong>&nbsp;\/ Kenji Kishi Leopo<\/p>\n\n\n\n<p><strong>SONIDO<\/strong><\/p>\n\n\n\n<p><strong><em>Las tres muertes de Marisela Escobedo<\/em><\/strong>&nbsp;\/ Alejandro de Icaza, Enrique Fern\u00e1ndez Tanco (dise\u00f1o sonoro, mezcla de sonido), V\u00edctor Ben\u00edtez Pardo (sonido directo).<\/p>\n\n\n\n<p><strong><em>Selva tr\u00e1gica<\/em><\/strong>&nbsp;\/&nbsp;Jos\u00e9 Miguel Enr\u00edquez Rivaud (dise\u00f1o sonoro), Federico Gonz\u00e1lez Jord\u00e1n (sonido directo), Jaime Baksht, Michelle Cuottolenc (mezcla de sonido).<\/p>\n\n\n\n<p><strong><em>Los lobos<\/em><\/strong>&nbsp;\/&nbsp;Mario Mart\u00ednez Cobos (dise\u00f1o sonoro), Carlos Garc\u00eda (sonido directo), Miguel Hern\u00e1ndez Montero (mezcla de sonido).<\/p>\n\n\n\n<p><strong><em>Sin se\u00f1as particulares<\/em><\/strong>&nbsp;\/&nbsp;Omar Ju\u00e1rez (dise\u00f1o sonoro, mezcla de sonido), Milton Aceves (dise\u00f1o sonoro), Alejandro Mayorqu\u00edn (mezcla de sonido), Misael Hern\u00e1ndez \u2018Topillo\u2019 (sonido directo)&nbsp;<\/p>\n\n\n\n<p><strong><em>Nuevo orden<\/em><\/strong>&nbsp;\/&nbsp;Ra\u00fal Locatelli (sonido directo), Alejandro de Icaza (dise\u00f1o sonoro), Jaime Baksht, Michelle Couttolenc (mezcla de sonido)&nbsp;<\/p>\n\n\n\n<p><strong>PEL\u00cdCULA IBEROAMERICANA<\/strong><\/p>\n\n\n\n<p><strong><em>Babenco \u2013 Algu\u00e9m tem que o uvir o cora\u00e7\u00e3o de dizer: Parou<\/em><\/strong><em>&nbsp;<\/em>(Brasil) \/ B\u00e1rbara Paz<\/p>\n\n\n\n<p><strong><em>El agente topo<\/em><\/strong><em>&nbsp;<\/em>(Chile) \/ Maite Alberdi<\/p>\n\n\n\n<p><strong><em>El olvido que seremos<\/em><\/strong><em>&nbsp;<\/em>(Colombia) \/ Fernando Trueba<\/p>\n\n\n\n<p><strong><em>La llorona<\/em><\/strong><em>&nbsp;<\/em>(Guatemala) \/ Jayro Bustamante<\/p>\n\n\n\n<p><strong><em>Las ni\u00f1as<\/em><\/strong><em>&nbsp;<\/em>(Espa\u00f1a) \/ Pilar Palomero<\/p>\n\n\n\n<p><strong>REVELACI\u00d3N ACTORAL<\/strong><\/p>\n\n\n\n<p><strong><em>Sin se\u00f1as particulares<\/em><\/strong>&nbsp;\/ Ana Laura Rodr\u00edguez&nbsp;<\/p>\n\n\n\n<p><strong><em>Selva tr\u00e1gica<\/em><\/strong>&nbsp;\/Indira Andrewin&nbsp;<\/p>\n\n\n\n<p><strong><em>Sin se\u00f1as particulares<\/em><\/strong>&nbsp;\/ Juan Jes\u00fas Varela&nbsp;<\/p>\n\n\n\n<p><strong><em>Los lobos<\/em><\/strong>&nbsp;\/ Leonardo Nahim N\u00e1jar M\u00e1rquez&nbsp;&nbsp;<\/p>\n\n\n\n<p><strong><em>Los lobos<\/em><\/strong>&nbsp;\/ Maximiliano N\u00e1jar M\u00e1rquez&nbsp;&nbsp;<\/p>\n\n\n\n<p><strong>ARIEL DE ORO<\/strong><\/p>\n\n\n\n<p>La actriz&nbsp;<strong>Ofelia Medina<\/strong>&nbsp;y el sonidista&nbsp;<strong>Fernando C\u00e1mara<\/strong>&nbsp;ser\u00e1n reconocidos con este premio, por su amplia y prol\u00edfica trayectoria en el cine mexicano.<\/p>\n\n\n\n<p><\/p>\n\n\n\n<p>S\u00ed deseas conocer a los ganadores podr\u00e1s ver la gala de los Arieles el s\u00e1bado 25 de septiembre por canal 22 y ver los resultados en nuestras redes sociales.<\/p>\n","protected":false},"excerpt":{"rendered":"<p>Este 25 de septiembre ser\u00e1 la ceremonia 63\u00ba de los aclamados premios de&nbsp;la Academia Mexicana de Artes y Ciencias Cinematogr\u00e1ficas, conocidos como los Arieles y al estar a una semana de la presentaci\u00f3n en Tiempo Libre GDL te traemos todas las categor\u00edas y sus nominados. Los Nominados en sus 25 categor\u00edas son:&nbsp; MEJOR PEL\u00cdCULA El &hellip; <\/p>\n<p class=\"link-more\"><a href=\"https:\/\/tiempolibregdl.com\/index.php\/nominaciones-arieles-2021\/\" class=\"more-link\">Continuar leyendo<span class=\"screen-reader-text\"> &#8220;Nominaciones Arieles 2021&#8221;<\/span><\/a><\/p>\n","protected":false},"author":10,"featured_media":0,"parent":0,"menu_order":0,"comment_status":"open","ping_status":"closed","template":"","meta":[],"_links":{"self":[{"href":"https:\/\/tiempolibregdl.com\/index.php\/wp-json\/wp\/v2\/pages\/647"}],"collection":[{"href":"https:\/\/tiempolibregdl.com\/index.php\/wp-json\/wp\/v2\/pages"}],"about":[{"href":"https:\/\/tiempolibregdl.com\/index.php\/wp-json\/wp\/v2\/types\/page"}],"author":[{"embeddable":true,"href":"https:\/\/tiempolibregdl.com\/index.php\/wp-json\/wp\/v2\/users\/10"}],"replies":[{"embeddable":true,"href":"https:\/\/tiempolibregdl.com\/index.php\/wp-json\/wp\/v2\/comments?post=647"}],"version-history":[{"count":2,"href":"https:\/\/tiempolibregdl.com\/index.php\/wp-json\/wp\/v2\/pages\/647\/revisions"}],"predecessor-version":[{"id":659,"href":"https:\/\/tiempolibregdl.com\/index.php\/wp-json\/wp\/v2\/pages\/647\/revisions\/659"}],"wp:attachment":[{"href":"https:\/\/tiempolibregdl.com\/index.php\/wp-json\/wp\/v2\/media?parent=647"}],"curies":[{"name":"wp","href":"https:\/\/api.w.org\/{rel}","templated":true}]}}